{"id":1641,"date":"2026-02-09T14:31:09","date_gmt":"2026-02-09T14:31:09","guid":{"rendered":"https:\/\/www.indus-mobile.fr\/?page_id=1641"},"modified":"2026-03-05T15:24:17","modified_gmt":"2026-03-05T15:24:17","slug":"mentions-legales","status":"publish","type":"page","link":"https:\/\/www.indus-mobile.fr\/index.php\/mentions-legales\/","title":{"rendered":"Mentions L\u00e9gales"},"content":{"rendered":"\t\t<div data-elementor-type=\"wp-page\" data-elementor-id=\"1641\" class=\"elementor elementor-1641\" data-elementor-post-type=\"page\">\n\t\t\t\t<div class=\"elementor-element elementor-element-bc8bb5e e-flex e-con-boxed e-con e-parent\" data-id=\"bc8bb5e\" data-element_type=\"container\" data-e-type=\"container\" data-settings=\"{&quot;background_background&quot;:&quot;classic&quot;,&quot;background_motion_fx_motion_fx_scrolling&quot;:&quot;yes&quot;,&quot;background_motion_fx_devices&quot;:[&quot;widescreen&quot;,&quot;desktop&quot;,&quot;laptop&quot;,&quot;tablet&quot;,&quot;mobile&quot;]}\">\n\t\t\t\t\t<div class=\"e-con-inner\">\n\t\t\t\t<div class=\"elementor-element elementor-element-3d88917 elementor-widget elementor-widget-heading\" data-id=\"3d88917\" data-element_type=\"widget\" data-e-type=\"widget\" data-widget_type=\"heading.default\">\n\t\t\t\t\t<h2 class=\"elementor-heading-title elementor-size-default\">Mentions L\u00e9gales<\/h2>\t\t\t\t<\/div>\n\t\t\t\t\t<\/div>\n\t\t\t\t<\/div>\n\t\t<div class=\"elementor-element elementor-element-d8a8eaf e-flex e-con-boxed e-con e-parent\" data-id=\"d8a8eaf\" data-element_type=\"container\" data-e-type=\"container\" data-settings=\"{&quot;background_background&quot;:&quot;classic&quot;,&quot;background_motion_fx_motion_fx_scrolling&quot;:&quot;yes&quot;,&quot;background_motion_fx_devices&quot;:[&quot;widescreen&quot;,&quot;desktop&quot;,&quot;laptop&quot;,&quot;tablet&quot;,&quot;mobile&quot;]}\">\n\t\t\t\t\t<div class=\"e-con-inner\">\n\t\t\t\t<div class=\"elementor-element elementor-element-100743b elementor-widget elementor-widget-heading\" data-id=\"100743b\" data-element_type=\"widget\" data-e-type=\"widget\" data-widget_type=\"heading.default\">\n\t\t\t\t\t<h2 class=\"elementor-heading-title elementor-size-default\">1. \u00c9diteur du site<\/h2>\t\t\t\t<\/div>\n\t\t\t\t<div class=\"elementor-element elementor-element-f326f12 elementor-widget elementor-widget-text-editor\" data-id=\"f326f12\" data-element_type=\"widget\" data-e-type=\"widget\" data-widget_type=\"text-editor.default\">\n\t\t\t\t\t\t\t\t\t<p>Conform\u00e9ment aux dispositions de l\u2019article 6 de la loi n\u00b0 2004-575 du 21 juin 2004 pour la confiance dans l\u2019\u00e9conomie num\u00e9rique, il est pr\u00e9cis\u00e9 aux utilisateurs du site www.indus-mobile.fr l\u2019identit\u00e9 des diff\u00e9rents intervenants dans le cadre de sa r\u00e9alisation et de son suivi.<\/p><ul><li><strong>Propri\u00e9taire \/ \u00c9diteur<\/strong> :<br \/>P\u00f4le Formation UIMM Limousin &#8211; CFAI Limousin<\/li><li><strong>Forme juridique :<\/strong> Association d\u00e9clar\u00e9e<\/li><li><strong>Si\u00e8ge social :<\/strong> 11 RUE ANDRE FABRY 19100 BRIVE-LA-GAILLARDE<\/li><li><strong>SIRET<\/strong> : 38356334300078<\/li><li><strong>Capital social<\/strong> : NA<\/li><li><strong>Directeur de la publication<\/strong> :<br \/>Emmanuel de la Quintinie<\/li><li><strong>Webmaster<\/strong> : Bicom Studio \u2013 contact@bicom-studio.com<\/li><li><strong>H\u00e9bergeur<\/strong> : OVH <br \/>2 rue Kellermann, 59100 Roubaix.<\/li><\/ul>\t\t\t\t\t\t\t\t<\/div>\n\t\t\t\t<div class=\"elementor-element elementor-element-7de0a7d elementor-widget elementor-widget-heading\" data-id=\"7de0a7d\" data-element_type=\"widget\" data-e-type=\"widget\" data-widget_type=\"heading.default\">\n\t\t\t\t\t<h2 class=\"elementor-heading-title elementor-size-default\">2. Conditions g\u00e9n\u00e9rales d\u2019utilisation<\/h2>\t\t\t\t<\/div>\n\t\t\t\t<div class=\"elementor-element elementor-element-23c1965 elementor-widget elementor-widget-text-editor\" data-id=\"23c1965\" data-element_type=\"widget\" data-e-type=\"widget\" data-widget_type=\"text-editor.default\">\n\t\t\t\t\t\t\t\t\t<p>Le site www.indus-mobile.fr est accessible \u00e0 tout moment. Une interruption pour raison de maintenance technique peut \u00eatre d\u00e9cid\u00e9e par P\u00f4le Formation UIMM Limousin &#8211; CFAI Limousin, qui s\u2019efforcera d\u2019en informer pr\u00e9alablement les utilisateurs.<\/p><p>Les pr\u00e9sentes mentions l\u00e9gales peuvent \u00eatre modifi\u00e9es \u00e0 tout moment. L\u2019utilisateur est invit\u00e9 \u00e0 les consulter r\u00e9guli\u00e8rement.<\/p>\t\t\t\t\t\t\t\t<\/div>\n\t\t\t\t<div class=\"elementor-element elementor-element-b7c7300 elementor-widget elementor-widget-heading\" data-id=\"b7c7300\" data-element_type=\"widget\" data-e-type=\"widget\" data-widget_type=\"heading.default\">\n\t\t\t\t\t<h2 class=\"elementor-heading-title elementor-size-default\">3. Description des services<\/h2>\t\t\t\t<\/div>\n\t\t\t\t<div class=\"elementor-element elementor-element-e7721ae elementor-widget elementor-widget-text-editor\" data-id=\"e7721ae\" data-element_type=\"widget\" data-e-type=\"widget\" data-widget_type=\"text-editor.default\">\n\t\t\t\t\t\t\t\t\t<p>Le site www.indus-mobile.fr a pour objet de pr\u00e9senter les activit\u00e9s de P\u00f4le Formation UIMM Limousin &#8211; CFAI Limousin.<\/p><p>P\u00f4le Formation UIMM Limousin &#8211; CFAI Limousin s\u2019efforce de fournir des informations aussi pr\u00e9cises que possible. Toutefois, elle ne pourra \u00eatre tenue responsable des omissions, inexactitudes ou d\u00e9fauts de mise \u00e0 jour, qu\u2019ils soient de son fait ou du fait de tiers partenaires.<\/p><p>Les informations figurant sur le site sont donn\u00e9es \u00e0 titre indicatif et sont susceptibles d\u2019\u00e9voluer.<\/p>\t\t\t\t\t\t\t\t<\/div>\n\t\t\t\t<div class=\"elementor-element elementor-element-f86e675 elementor-widget elementor-widget-heading\" data-id=\"f86e675\" data-element_type=\"widget\" data-e-type=\"widget\" data-widget_type=\"heading.default\">\n\t\t\t\t\t<h2 class=\"elementor-heading-title elementor-size-default\">4. Propri\u00e9t\u00e9 intellectuelle<\/h2>\t\t\t\t<\/div>\n\t\t\t\t<div class=\"elementor-element elementor-element-a14349f elementor-widget elementor-widget-text-editor\" data-id=\"a14349f\" data-element_type=\"widget\" data-e-type=\"widget\" data-widget_type=\"text-editor.default\">\n\t\t\t\t\t\t\t\t\t<p>P\u00f4le Formation UIMM Limousin &#8211; CFAI Limousin est titulaire des droits de propri\u00e9t\u00e9 intellectuelle ou d\u00e9tient les droits d\u2019usage sur l\u2019ensemble des \u00e9l\u00e9ments accessibles sur le site, notamment les textes, images, graphismes, logos, ic\u00f4nes et logiciels.<br \/><br \/>Toute reproduction, repr\u00e9sentation, modification ou adaptation de tout ou partie des \u00e9l\u00e9ments du site est interdite sans autorisation \u00e9crite pr\u00e9alable.<br \/>Toute exploitation non autoris\u00e9e sera consid\u00e9r\u00e9e comme constitutive d\u2019une contrefa\u00e7on et poursuivie conform\u00e9ment aux dispositions du Code de la propri\u00e9t\u00e9 intellectuelle.<\/p>\t\t\t\t\t\t\t\t<\/div>\n\t\t\t\t<div class=\"elementor-element elementor-element-7e1f93a elementor-widget elementor-widget-heading\" data-id=\"7e1f93a\" data-element_type=\"widget\" data-e-type=\"widget\" data-widget_type=\"heading.default\">\n\t\t\t\t\t<h2 class=\"elementor-heading-title elementor-size-default\">5. Responsabilit\u00e9<\/h2>\t\t\t\t<\/div>\n\t\t\t\t<div class=\"elementor-element elementor-element-5db1e1d elementor-widget elementor-widget-text-editor\" data-id=\"5db1e1d\" data-element_type=\"widget\" data-e-type=\"widget\" data-widget_type=\"text-editor.default\">\n\t\t\t\t\t\t\t\t\t<p>P\u00f4le Formation UIMM Limousin &#8211; CFAI Limousin ne pourra \u00eatre tenue responsable des dommages directs ou indirects r\u00e9sultant de l\u2019utilisation du site, notamment en cas d\u2019incompatibilit\u00e9 du mat\u00e9riel, de dysfonctionnement ou d\u2019interruption du service.<br \/>L\u2019utilisateur s\u2019engage \u00e0 acc\u00e9der au site avec un \u00e9quipement r\u00e9cent, exempt de virus et utilisant un navigateur \u00e0 jour.<\/p>\t\t\t\t\t\t\t\t<\/div>\n\t\t\t\t<div class=\"elementor-element elementor-element-5cda7b4 elementor-widget elementor-widget-heading\" data-id=\"5cda7b4\" data-element_type=\"widget\" data-e-type=\"widget\" data-widget_type=\"heading.default\">\n\t\t\t\t\t<h2 class=\"elementor-heading-title elementor-size-default\">6. Donn\u00e9es personnelles<\/h2>\t\t\t\t<\/div>\n\t\t\t\t<div class=\"elementor-element elementor-element-3f9b0eb elementor-widget elementor-widget-text-editor\" data-id=\"3f9b0eb\" data-element_type=\"widget\" data-e-type=\"widget\" data-widget_type=\"text-editor.default\">\n\t\t\t\t\t\t\t\t\t<p>Les informations relatives au traitement des donn\u00e9es personnelles sont d\u00e9taill\u00e9es dans la Politique de confidentialit\u00e9 accessible sur le site.<\/p>\t\t\t\t\t\t\t\t<\/div>\n\t\t\t\t<div class=\"elementor-element elementor-element-ff51e0f elementor-widget elementor-widget-heading\" data-id=\"ff51e0f\" data-element_type=\"widget\" data-e-type=\"widget\" data-widget_type=\"heading.default\">\n\t\t\t\t\t<h2 class=\"elementor-heading-title elementor-size-default\">7. Droit applicable et attribution de juridiction.<\/h2>\t\t\t\t<\/div>\n\t\t\t\t<div class=\"elementor-element elementor-element-fe6a502 elementor-widget elementor-widget-text-editor\" data-id=\"fe6a502\" data-element_type=\"widget\" data-e-type=\"widget\" data-widget_type=\"text-editor.default\">\n\t\t\t\t\t\t\t\t\t<p>Tout litige en relation avec l&rsquo;utilisation du site indus-mobile.fr est soumis au droit fran\u00e7ais. Il est fait attribution exclusive de juridiction aux tribunaux comp\u00e9tents.<\/p>\t\t\t\t\t\t\t\t<\/div>\n\t\t\t\t<div class=\"elementor-element elementor-element-d78d45e elementor-widget elementor-widget-heading\" data-id=\"d78d45e\" data-element_type=\"widget\" data-e-type=\"widget\" data-widget_type=\"heading.default\">\n\t\t\t\t\t<h2 class=\"elementor-heading-title elementor-size-default\">7. Droit applicable<\/h2>\t\t\t\t<\/div>\n\t\t\t\t<div class=\"elementor-element elementor-element-0c29fa2 elementor-widget elementor-widget-text-editor\" data-id=\"0c29fa2\" data-element_type=\"widget\" data-e-type=\"widget\" data-widget_type=\"text-editor.default\">\n\t\t\t\t\t\t\t\t\t<p>Tout litige relatif \u00e0 l\u2019utilisation du site www.indus-mobile.fr est soumis au droit fran\u00e7ais. <br \/>En cas de litige et \u00e0 d\u00e9faut de r\u00e9solution amiable, les tribunaux comp\u00e9tents du ressort du si\u00e8ge social de P\u00f4le Formation UIMM Limousin &#8211; CFAI Limousin seront seuls comp\u00e9tents.<\/p>\t\t\t\t\t\t\t\t<\/div>\n\t\t\t\t\t<\/div>\n\t\t\t\t<\/div>\n\t\t\t\t<\/div>\n\t\t","protected":false},"excerpt":{"rendered":"<p>Mentions L\u00e9gales 1. \u00c9diteur du site Conform\u00e9ment aux dispositions de l\u2019article 6 de la loi n\u00b0 2004-575 du 21 juin 2004 pour la confiance dans l\u2019\u00e9conomie num\u00e9rique, il est pr\u00e9cis\u00e9 aux utilisateurs du site www.indus-mobile.fr l\u2019identit\u00e9 des diff\u00e9rents intervenants dans le cadre de sa r\u00e9alisation et de son suivi. Propri\u00e9taire \/ \u00c9diteur :P\u00f4le Formation UIMM [&hellip;]<\/p>\n","protected":false},"author":1,"featured_media":0,"parent":0,"menu_order":0,"comment_status":"closed","ping_status":"closed","template":"elementor_header_footer","meta":{"footnotes":""},"class_list":["post-1641","page","type-page","status-publish","hentry"],"yoast_head":"<!-- This site is optimized with the Yoast SEO plugin v27.3 - https:\/\/yoast.com\/product\/yoast-seo-wordpress\/ -->\n<title>Mentions L\u00e9gales - Indus Mobile<\/title>\n<meta name=\"robots\" content=\"index, follow, max-snippet:-1, max-image-preview:large, max-video-preview:-1\" \/>\n<link rel=\"canonical\" href=\"https:\/\/www.indus-mobile.fr\/index.php\/mentions-legales\/\" \/>\n<meta property=\"og:locale\" content=\"fr_FR\" \/>\n<meta property=\"og:type\" content=\"article\" \/>\n<meta property=\"og:title\" content=\"Mentions L\u00e9gales - Indus Mobile\" \/>\n<meta property=\"og:description\" content=\"Mentions L\u00e9gales 1. \u00c9diteur du site Conform\u00e9ment aux dispositions de l\u2019article 6 de la loi n\u00b0 2004-575 du 21 juin 2004 pour la confiance dans l\u2019\u00e9conomie num\u00e9rique, il est pr\u00e9cis\u00e9 aux utilisateurs du site www.indus-mobile.fr l\u2019identit\u00e9 des diff\u00e9rents intervenants dans le cadre de sa r\u00e9alisation et de son suivi. Propri\u00e9taire \/ \u00c9diteur :P\u00f4le Formation UIMM [&hellip;]\" \/>\n<meta property=\"og:url\" content=\"https:\/\/www.indus-mobile.fr\/index.php\/mentions-legales\/\" \/>\n<meta property=\"og:site_name\" content=\"Indus Mobile\" \/>\n<meta property=\"article:modified_time\" content=\"2026-03-05T15:24:17+00:00\" \/>\n<meta name=\"twitter:card\" content=\"summary_large_image\" \/>\n<meta name=\"twitter:label1\" content=\"Dur\u00e9e de lecture estim\u00e9e\" \/>\n\t<meta name=\"twitter:data1\" content=\"3 minutes\" \/>\n<script type=\"application\/ld+json\" class=\"yoast-schema-graph\">{\"@context\":\"https:\\\/\\\/schema.org\",\"@graph\":[{\"@type\":\"WebPage\",\"@id\":\"https:\\\/\\\/www.indus-mobile.fr\\\/index.php\\\/mentions-legales\\\/\",\"url\":\"https:\\\/\\\/www.indus-mobile.fr\\\/index.php\\\/mentions-legales\\\/\",\"name\":\"Mentions L\u00e9gales - Indus Mobile\",\"isPartOf\":{\"@id\":\"https:\\\/\\\/www.indus-mobile.fr\\\/#website\"},\"datePublished\":\"2026-02-09T14:31:09+00:00\",\"dateModified\":\"2026-03-05T15:24:17+00:00\",\"breadcrumb\":{\"@id\":\"https:\\\/\\\/www.indus-mobile.fr\\\/index.php\\\/mentions-legales\\\/#breadcrumb\"},\"inLanguage\":\"fr-FR\",\"potentialAction\":[{\"@type\":\"ReadAction\",\"target\":[\"https:\\\/\\\/www.indus-mobile.fr\\\/index.php\\\/mentions-legales\\\/\"]}]},{\"@type\":\"BreadcrumbList\",\"@id\":\"https:\\\/\\\/www.indus-mobile.fr\\\/index.php\\\/mentions-legales\\\/#breadcrumb\",\"itemListElement\":[{\"@type\":\"ListItem\",\"position\":1,\"name\":\"Accueil\",\"item\":\"https:\\\/\\\/www.indus-mobile.fr\\\/\"},{\"@type\":\"ListItem\",\"position\":2,\"name\":\"Mentions L\u00e9gales\"}]},{\"@type\":\"WebSite\",\"@id\":\"https:\\\/\\\/www.indus-mobile.fr\\\/#website\",\"url\":\"https:\\\/\\\/www.indus-mobile.fr\\\/\",\"name\":\"Indus Mobile\",\"description\":\"L&#039;usine itin\u00e9rante du Limousin\",\"publisher\":{\"@id\":\"https:\\\/\\\/www.indus-mobile.fr\\\/#organization\"},\"potentialAction\":[{\"@type\":\"SearchAction\",\"target\":{\"@type\":\"EntryPoint\",\"urlTemplate\":\"https:\\\/\\\/www.indus-mobile.fr\\\/?s={search_term_string}\"},\"query-input\":{\"@type\":\"PropertyValueSpecification\",\"valueRequired\":true,\"valueName\":\"search_term_string\"}}],\"inLanguage\":\"fr-FR\"},{\"@type\":\"Organization\",\"@id\":\"https:\\\/\\\/www.indus-mobile.fr\\\/#organization\",\"name\":\"Indus Mobile\",\"url\":\"https:\\\/\\\/www.indus-mobile.fr\\\/\",\"logo\":{\"@type\":\"ImageObject\",\"inLanguage\":\"fr-FR\",\"@id\":\"https:\\\/\\\/www.indus-mobile.fr\\\/#\\\/schema\\\/logo\\\/image\\\/\",\"url\":\"https:\\\/\\\/www.indus-mobile.fr\\\/wp-content\\\/uploads\\\/2026\\\/01\\\/Logo.png\",\"contentUrl\":\"https:\\\/\\\/www.indus-mobile.fr\\\/wp-content\\\/uploads\\\/2026\\\/01\\\/Logo.png\",\"width\":364,\"height\":192,\"caption\":\"Indus Mobile\"},\"image\":{\"@id\":\"https:\\\/\\\/www.indus-mobile.fr\\\/#\\\/schema\\\/logo\\\/image\\\/\"}}]}<\/script>\n<!-- \/ Yoast SEO plugin. -->","yoast_head_json":{"title":"Mentions L\u00e9gales - Indus Mobile","robots":{"index":"index","follow":"follow","max-snippet":"max-snippet:-1","max-image-preview":"max-image-preview:large","max-video-preview":"max-video-preview:-1"},"canonical":"https:\/\/www.indus-mobile.fr\/index.php\/mentions-legales\/","og_locale":"fr_FR","og_type":"article","og_title":"Mentions L\u00e9gales - Indus Mobile","og_description":"Mentions L\u00e9gales 1. \u00c9diteur du site Conform\u00e9ment aux dispositions de l\u2019article 6 de la loi n\u00b0 2004-575 du 21 juin 2004 pour la confiance dans l\u2019\u00e9conomie num\u00e9rique, il est pr\u00e9cis\u00e9 aux utilisateurs du site www.indus-mobile.fr l\u2019identit\u00e9 des diff\u00e9rents intervenants dans le cadre de sa r\u00e9alisation et de son suivi. Propri\u00e9taire \/ \u00c9diteur :P\u00f4le Formation UIMM [&hellip;]","og_url":"https:\/\/www.indus-mobile.fr\/index.php\/mentions-legales\/","og_site_name":"Indus Mobile","article_modified_time":"2026-03-05T15:24:17+00:00","twitter_card":"summary_large_image","twitter_misc":{"Dur\u00e9e de lecture estim\u00e9e":"3 minutes"},"schema":{"@context":"https:\/\/schema.org","@graph":[{"@type":"WebPage","@id":"https:\/\/www.indus-mobile.fr\/index.php\/mentions-legales\/","url":"https:\/\/www.indus-mobile.fr\/index.php\/mentions-legales\/","name":"Mentions L\u00e9gales - Indus Mobile","isPartOf":{"@id":"https:\/\/www.indus-mobile.fr\/#website"},"datePublished":"2026-02-09T14:31:09+00:00","dateModified":"2026-03-05T15:24:17+00:00","breadcrumb":{"@id":"https:\/\/www.indus-mobile.fr\/index.php\/mentions-legales\/#breadcrumb"},"inLanguage":"fr-FR","potentialAction":[{"@type":"ReadAction","target":["https:\/\/www.indus-mobile.fr\/index.php\/mentions-legales\/"]}]},{"@type":"BreadcrumbList","@id":"https:\/\/www.indus-mobile.fr\/index.php\/mentions-legales\/#breadcrumb","itemListElement":[{"@type":"ListItem","position":1,"name":"Accueil","item":"https:\/\/www.indus-mobile.fr\/"},{"@type":"ListItem","position":2,"name":"Mentions L\u00e9gales"}]},{"@type":"WebSite","@id":"https:\/\/www.indus-mobile.fr\/#website","url":"https:\/\/www.indus-mobile.fr\/","name":"Indus Mobile","description":"L&#039;usine itin\u00e9rante du Limousin","publisher":{"@id":"https:\/\/www.indus-mobile.fr\/#organization"},"potentialAction":[{"@type":"SearchAction","target":{"@type":"EntryPoint","urlTemplate":"https:\/\/www.indus-mobile.fr\/?s={search_term_string}"},"query-input":{"@type":"PropertyValueSpecification","valueRequired":true,"valueName":"search_term_string"}}],"inLanguage":"fr-FR"},{"@type":"Organization","@id":"https:\/\/www.indus-mobile.fr\/#organization","name":"Indus Mobile","url":"https:\/\/www.indus-mobile.fr\/","logo":{"@type":"ImageObject","inLanguage":"fr-FR","@id":"https:\/\/www.indus-mobile.fr\/#\/schema\/logo\/image\/","url":"https:\/\/www.indus-mobile.fr\/wp-content\/uploads\/2026\/01\/Logo.png","contentUrl":"https:\/\/www.indus-mobile.fr\/wp-content\/uploads\/2026\/01\/Logo.png","width":364,"height":192,"caption":"Indus Mobile"},"image":{"@id":"https:\/\/www.indus-mobile.fr\/#\/schema\/logo\/image\/"}}]}},"_links":{"self":[{"href":"https:\/\/www.indus-mobile.fr\/index.php\/wp-json\/wp\/v2\/pages\/1641","targetHints":{"allow":["GET"]}}],"collection":[{"href":"https:\/\/www.indus-mobile.fr\/index.php\/wp-json\/wp\/v2\/pages"}],"about":[{"href":"https:\/\/www.indus-mobile.fr\/index.php\/wp-json\/wp\/v2\/types\/page"}],"author":[{"embeddable":true,"href":"https:\/\/www.indus-mobile.fr\/index.php\/wp-json\/wp\/v2\/users\/1"}],"replies":[{"embeddable":true,"href":"https:\/\/www.indus-mobile.fr\/index.php\/wp-json\/wp\/v2\/comments?post=1641"}],"version-history":[{"count":12,"href":"https:\/\/www.indus-mobile.fr\/index.php\/wp-json\/wp\/v2\/pages\/1641\/revisions"}],"predecessor-version":[{"id":2339,"href":"https:\/\/www.indus-mobile.fr\/index.php\/wp-json\/wp\/v2\/pages\/1641\/revisions\/2339"}],"wp:attachment":[{"href":"https:\/\/www.indus-mobile.fr\/index.php\/wp-json\/wp\/v2\/media?parent=1641"}],"curies":[{"name":"wp","href":"https:\/\/api.w.org\/{rel}","templated":true}]}}