{"id":1649,"date":"2026-02-09T14:37:20","date_gmt":"2026-02-09T14:37:20","guid":{"rendered":"https:\/\/www.indus-mobile.fr\/?page_id=1649"},"modified":"2026-02-26T14:05:36","modified_gmt":"2026-02-26T14:05:36","slug":"donnees-personnelles","status":"publish","type":"page","link":"https:\/\/www.indus-mobile.fr\/index.php\/donnees-personnelles\/","title":{"rendered":"Donn\u00e9es Personnelles"},"content":{"rendered":"\t\t<div data-elementor-type=\"wp-page\" data-elementor-id=\"1649\" class=\"elementor elementor-1649\" data-elementor-post-type=\"page\">\n\t\t\t\t<div class=\"elementor-element elementor-element-bc8bb5e e-flex e-con-boxed e-con e-parent\" data-id=\"bc8bb5e\" data-element_type=\"container\" data-e-type=\"container\" data-settings=\"{&quot;background_background&quot;:&quot;classic&quot;,&quot;background_motion_fx_motion_fx_scrolling&quot;:&quot;yes&quot;,&quot;background_motion_fx_devices&quot;:[&quot;widescreen&quot;,&quot;desktop&quot;,&quot;laptop&quot;,&quot;tablet&quot;,&quot;mobile&quot;]}\">\n\t\t\t\t\t<div class=\"e-con-inner\">\n\t\t\t\t<div class=\"elementor-element elementor-element-3d88917 elementor-widget elementor-widget-heading\" data-id=\"3d88917\" data-element_type=\"widget\" data-e-type=\"widget\" data-widget_type=\"heading.default\">\n\t\t\t\t\t<h2 class=\"elementor-heading-title elementor-size-default\">Donn\u00e9es personnelles<\/h2>\t\t\t\t<\/div>\n\t\t\t\t<div class=\"elementor-element elementor-element-f4f7c9f elementor-widget elementor-widget-text-editor\" data-id=\"f4f7c9f\" data-element_type=\"widget\" data-e-type=\"widget\" data-widget_type=\"text-editor.default\">\n\t\t\t\t\t\t\t\t\t<p>Le P\u00f4le Formation UIMM Limousin &#8211; CFAI Limousin s\u2019engage \u00e0 ce que les traitements de donn\u00e9es personnelles effectu\u00e9s sur www.indus-mobile.fr soient conformes au R\u00e8glement G\u00e9n\u00e9ral sur la Protection des Donn\u00e9es (RGPD) et \u00e0 la loi Informatique et Libert\u00e9s.<br \/>Responsable du traitement : Le P\u00f4le Formation UIMM Limousin &#8211; CFAI Limousin, dont les coordonn\u00e9es figurent dans les Mentions l\u00e9gales.<\/p><p>La gestion des cookies est d\u00e9taill\u00e9e sur la page d\u00e9di\u00e9e.<\/p>\t\t\t\t\t\t\t\t<\/div>\n\t\t\t\t\t<\/div>\n\t\t\t\t<\/div>\n\t\t<div class=\"elementor-element elementor-element-d8a8eaf e-flex e-con-boxed e-con e-parent\" data-id=\"d8a8eaf\" data-element_type=\"container\" data-e-type=\"container\" data-settings=\"{&quot;background_background&quot;:&quot;classic&quot;,&quot;background_motion_fx_motion_fx_scrolling&quot;:&quot;yes&quot;,&quot;background_motion_fx_devices&quot;:[&quot;widescreen&quot;,&quot;desktop&quot;,&quot;laptop&quot;,&quot;tablet&quot;,&quot;mobile&quot;]}\">\n\t\t\t\t\t<div class=\"e-con-inner\">\n\t\t\t\t<div class=\"elementor-element elementor-element-100743b elementor-widget elementor-widget-heading\" data-id=\"100743b\" data-element_type=\"widget\" data-e-type=\"widget\" data-widget_type=\"heading.default\">\n\t\t\t\t\t<h2 class=\"elementor-heading-title elementor-size-default\">1. Cadre juridique<\/h2>\t\t\t\t<\/div>\n\t\t\t\t<div class=\"elementor-element elementor-element-f326f12 elementor-widget elementor-widget-text-editor\" data-id=\"f326f12\" data-element_type=\"widget\" data-e-type=\"widget\" data-widget_type=\"text-editor.default\">\n\t\t\t\t\t\t\t\t\t<p>Les donn\u00e9es personnelles sont prot\u00e9g\u00e9es notamment par :<br \/>&#8211; Le r\u00e8glement (UE) 2016\/679 du 27 avril 2016 (RGPD)<br \/>&#8211; La loi Informatique et Libert\u00e9s modifi\u00e9e<br \/>&#8211; Les textes nationaux d\u2019adaptation du RGPD<\/p>\t\t\t\t\t\t\t\t<\/div>\n\t\t\t\t<div class=\"elementor-element elementor-element-7de0a7d elementor-widget elementor-widget-heading\" data-id=\"7de0a7d\" data-element_type=\"widget\" data-e-type=\"widget\" data-widget_type=\"heading.default\">\n\t\t\t\t\t<h2 class=\"elementor-heading-title elementor-size-default\">2. Objet du traitement<\/h2>\t\t\t\t<\/div>\n\t\t\t\t<div class=\"elementor-element elementor-element-23c1965 elementor-widget elementor-widget-text-editor\" data-id=\"23c1965\" data-element_type=\"widget\" data-e-type=\"widget\" data-widget_type=\"text-editor.default\">\n\t\t\t\t\t\t\t\t\t<p>Le traitement a pour objet la gestion du site www.indus-mobile.fr.<\/p><p>Il permet :<\/p><p>&#8211; La gestion du fonctionnement et de la s\u00e9curit\u00e9 du site<br \/>&#8211; L\u2019administration technique (h\u00e9bergement, maintenance, s\u00e9curit\u00e9)<br \/>&#8211; La gestion des demandes transmises via les formulaires<br \/>&#8211; La production de statistiques d\u2019audience et d\u2019utilisation<\/p><p>Afin de pr\u00e9venir les envois automatis\u00e9s (spam) via les formulaires de contact, un dispositif technique de type \u201choneypot\u201d est utilis\u00e9. Ce m\u00e9canisme ne repose sur aucun service tiers et n\u2019entra\u00eene pas de collecte de donn\u00e9es suppl\u00e9mentaires.<\/p>\t\t\t\t\t\t\t\t<\/div>\n\t\t\t\t<div class=\"elementor-element elementor-element-b7c7300 elementor-widget elementor-widget-heading\" data-id=\"b7c7300\" data-element_type=\"widget\" data-e-type=\"widget\" data-widget_type=\"heading.default\">\n\t\t\t\t\t<h2 class=\"elementor-heading-title elementor-size-default\">3. Donn\u00e9es trait\u00e9es<\/h2>\t\t\t\t<\/div>\n\t\t\t\t<div class=\"elementor-element elementor-element-e7721ae elementor-widget elementor-widget-text-editor\" data-id=\"e7721ae\" data-element_type=\"widget\" data-e-type=\"widget\" data-widget_type=\"text-editor.default\">\n\t\t\t\t\t\t\t\t\t<p>Les donn\u00e9es susceptibles d\u2019\u00eatre collect\u00e9es sont :<\/p><p>&#8211; Donn\u00e9es d\u2019identit\u00e9 (nom, pr\u00e9nom)<br \/>&#8211; Coordonn\u00e9es (email, t\u00e9l\u00e9phone)<br \/>&#8211; Contenu des messages transmis via les formulaires<br \/>&#8211; Donn\u00e9es techniques de navigation (adresse IP, horodatage, type de navigateur, cookies)<br \/>&#8211; Donn\u00e9es statistiques anonymis\u00e9es<\/p>\t\t\t\t\t\t\t\t<\/div>\n\t\t\t\t<div class=\"elementor-element elementor-element-f86e675 elementor-widget elementor-widget-heading\" data-id=\"f86e675\" data-element_type=\"widget\" data-e-type=\"widget\" data-widget_type=\"heading.default\">\n\t\t\t\t\t<h2 class=\"elementor-heading-title elementor-size-default\">4. Source des donn\u00e9es.<\/h2>\t\t\t\t<\/div>\n\t\t\t\t<div class=\"elementor-element elementor-element-a14349f elementor-widget elementor-widget-text-editor\" data-id=\"a14349f\" data-element_type=\"widget\" data-e-type=\"widget\" data-widget_type=\"text-editor.default\">\n\t\t\t\t\t\t\t\t\t<p>Les donn\u00e9es sont collect\u00e9es :<\/p><p>&#8211; Directement aupr\u00e8s des utilisateurs via les formulaires<br \/>&#8211; Automatiquement lors de la navigation (cookies, journaux techniques)<br \/>&#8211; Aupr\u00e8s des personnels habilit\u00e9s \u00e0 administrer le site<\/p>\t\t\t\t\t\t\t\t<\/div>\n\t\t\t\t<div class=\"elementor-element elementor-element-7e1f93a elementor-widget elementor-widget-heading\" data-id=\"7e1f93a\" data-element_type=\"widget\" data-e-type=\"widget\" data-widget_type=\"heading.default\">\n\t\t\t\t\t<h2 class=\"elementor-heading-title elementor-size-default\">5. Caract\u00e8re obligatoire ou facultatif<\/h2>\t\t\t\t<\/div>\n\t\t\t\t<div class=\"elementor-element elementor-element-5db1e1d elementor-widget elementor-widget-text-editor\" data-id=\"5db1e1d\" data-element_type=\"widget\" data-e-type=\"widget\" data-widget_type=\"text-editor.default\">\n\t\t\t\t\t\t\t\t\t<p>&#8211; Les donn\u00e9es collect\u00e9es via les formulaires sont n\u00e9cessaires au traitement des demandes.<br \/>&#8211; Les donn\u00e9es de mesure d\u2019audience (cookies statistiques) sont facultatives et soumises au consentement pr\u00e9alable.<\/p>\t\t\t\t\t\t\t\t<\/div>\n\t\t\t\t<div class=\"elementor-element elementor-element-5cda7b4 elementor-widget elementor-widget-heading\" data-id=\"5cda7b4\" data-element_type=\"widget\" data-e-type=\"widget\" data-widget_type=\"heading.default\">\n\t\t\t\t\t<h2 class=\"elementor-heading-title elementor-size-default\">6. Personnes concern\u00e9es.<\/h2>\t\t\t\t<\/div>\n\t\t\t\t<div class=\"elementor-element elementor-element-3f9b0eb elementor-widget elementor-widget-text-editor\" data-id=\"3f9b0eb\" data-element_type=\"widget\" data-e-type=\"widget\" data-widget_type=\"text-editor.default\">\n\t\t\t\t\t\t\t\t\t<p>Le traitement concerne :<\/p><p>&#8211; Les utilisateurs du site www.indus-mobile.fr<br \/>&#8211; Les personnels habilit\u00e9s du P\u00f4le Formation UIMM Limousin &#8211; CFAI Limousin<br \/>&#8211; Les prestataires techniques autoris\u00e9s<\/p>\t\t\t\t\t\t\t\t<\/div>\n\t\t\t\t<div class=\"elementor-element elementor-element-ff51e0f elementor-widget elementor-widget-heading\" data-id=\"ff51e0f\" data-element_type=\"widget\" data-e-type=\"widget\" data-widget_type=\"heading.default\">\n\t\t\t\t\t<h2 class=\"elementor-heading-title elementor-size-default\">7. Destinataires des donn\u00e9es.<\/h2>\t\t\t\t<\/div>\n\t\t\t\t<div class=\"elementor-element elementor-element-fe6a502 elementor-widget elementor-widget-text-editor\" data-id=\"fe6a502\" data-element_type=\"widget\" data-e-type=\"widget\" data-widget_type=\"text-editor.default\">\n\t\t\t\t\t\t\t\t\t<p>Les donn\u00e9es sont destin\u00e9es :<\/p><p>&#8211; Aux services internes habilit\u00e9s de Le P\u00f4le Formation UIMM Limousin &#8211; CFAI Limousin<br \/>&#8211; Aux prestataires techniques (h\u00e9bergeur, maintenance)<br \/>&#8211; Aux outils de mesure d\u2019audience utilis\u00e9s sous r\u00e9serve de consentement<\/p><p>Certaines donn\u00e9es peuvent \u00eatre susceptibles d\u2019\u00eatre transf\u00e9r\u00e9es hors de l\u2019Union europ\u00e9enne dans le cadre de l\u2019utilisation d\u2019outils num\u00e9riques conformes aux m\u00e9canismes l\u00e9gaux en vigueur. Ces transferts sont encadr\u00e9s par les m\u00e9canismes juridiques appropri\u00e9s pr\u00e9vus par la r\u00e9glementation applicable, notamment le Data Privacy Framework adopt\u00e9 par la Commission europ\u00e9enne.<\/p>\t\t\t\t\t\t\t\t<\/div>\n\t\t\t\t<div class=\"elementor-element elementor-element-d78d45e elementor-widget elementor-widget-heading\" data-id=\"d78d45e\" data-element_type=\"widget\" data-e-type=\"widget\" data-widget_type=\"heading.default\">\n\t\t\t\t\t<h2 class=\"elementor-heading-title elementor-size-default\">8. Dur\u00e9e de conservation<\/h2>\t\t\t\t<\/div>\n\t\t\t\t<div class=\"elementor-element elementor-element-0c29fa2 elementor-widget elementor-widget-text-editor\" data-id=\"0c29fa2\" data-element_type=\"widget\" data-e-type=\"widget\" data-widget_type=\"text-editor.default\">\n\t\t\t\t\t\t\t\t\t<p>&#8211; Donn\u00e9es issues des formulaires : 3 ans maximum \u00e0 compter du dernier contact<br \/>&#8211; Journaux techniques (logs) : 6 mois<br \/>&#8211; Cookies : conform\u00e9ment \u00e0 la politique cookies (maximum 13 mois)<\/p>\t\t\t\t\t\t\t\t<\/div>\n\t\t\t\t<div class=\"elementor-element elementor-element-6f2397b elementor-widget elementor-widget-heading\" data-id=\"6f2397b\" data-element_type=\"widget\" data-e-type=\"widget\" data-widget_type=\"heading.default\">\n\t\t\t\t\t<h2 class=\"elementor-heading-title elementor-size-default\">9. Exercer vos droits.<\/h2>\t\t\t\t<\/div>\n\t\t\t\t<div class=\"elementor-element elementor-element-3dd019f elementor-widget elementor-widget-text-editor\" data-id=\"3dd019f\" data-element_type=\"widget\" data-e-type=\"widget\" data-widget_type=\"text-editor.default\">\n\t\t\t\t\t\t\t\t\t<p>Conform\u00e9ment au RGPD, vous disposez des droits suivants :<\/p><p>&#8211; Droit d\u2019acc\u00e8s<br \/>&#8211; Droit de rectification<br \/>&#8211; Droit d\u2019effacement<br \/>&#8211; Droit d\u2019opposition<br \/>&#8211; Droit \u00e0 la limitation<br \/>&#8211; Droit \u00e0 la portabilit\u00e9<\/p><p>Vous pouvez exercer vos droits en contactant :<br \/>contact@indus-mobile.fr<\/p><p>Ou par courrier \u00e0 l&rsquo;adresse :<br \/>11 rue Andr\u00e9 Fabry 19100 Brive La Gaillarde<\/p><p>Vous disposez \u00e9galement du droit d\u2019introduire une r\u00e9clamation aupr\u00e8s de la CNIL (www.cnil.fr).<\/p>\t\t\t\t\t\t\t\t<\/div>\n\t\t\t\t<div class=\"elementor-element elementor-element-1e9f9ca elementor-widget elementor-widget-heading\" data-id=\"1e9f9ca\" data-element_type=\"widget\" data-e-type=\"widget\" data-widget_type=\"heading.default\">\n\t\t\t\t\t<h2 class=\"elementor-heading-title elementor-size-default\">10. Base l\u00e9gale des traitements<\/h2>\t\t\t\t<\/div>\n\t\t\t\t<div class=\"elementor-element elementor-element-a9213ac elementor-widget elementor-widget-text-editor\" data-id=\"a9213ac\" data-element_type=\"widget\" data-e-type=\"widget\" data-widget_type=\"text-editor.default\">\n\t\t\t\t\t\t\t\t\t<p>Les traitements de donn\u00e9es personnelles mis en \u0153uvre reposent sur :<\/p><p>&#8211; L\u2019int\u00e9r\u00eat l\u00e9gitime du P\u00f4le Formation UIMM Limousin &#8211; CFAI Limousin pour assurer la s\u00e9curit\u00e9 et le bon fonctionnement du site ;<br \/>&#8211; Le consentement de l\u2019utilisateur pour les cookies de mesure d\u2019audience ;<br \/>&#8211; L\u2019ex\u00e9cution de mesures pr\u00e9contractuelles lorsque l\u2019utilisateur transmet une demande via un formulaire de contact.<\/p>\t\t\t\t\t\t\t\t<\/div>\n\t\t\t\t\t<\/div>\n\t\t\t\t<\/div>\n\t\t\t\t<\/div>\n\t\t","protected":false},"excerpt":{"rendered":"<p>Donn\u00e9es personnelles Le P\u00f4le Formation UIMM Limousin &#8211; CFAI Limousin s\u2019engage \u00e0 ce que les traitements de donn\u00e9es personnelles effectu\u00e9s sur www.indus-mobile.fr soient conformes au R\u00e8glement G\u00e9n\u00e9ral sur la Protection des Donn\u00e9es (RGPD) et \u00e0 la loi Informatique et Libert\u00e9s.Responsable du traitement : Le P\u00f4le Formation UIMM Limousin &#8211; CFAI Limousin, dont les coordonn\u00e9es figurent [&hellip;]<\/p>\n","protected":false},"author":1,"featured_media":0,"parent":0,"menu_order":0,"comment_status":"closed","ping_status":"closed","template":"elementor_header_footer","meta":{"footnotes":""},"class_list":["post-1649","page","type-page","status-publish","hentry"],"yoast_head":"<!-- This site is optimized with the Yoast SEO plugin v27.3 - https:\/\/yoast.com\/product\/yoast-seo-wordpress\/ -->\n<title>Donn\u00e9es Personnelles - Indus Mobile<\/title>\n<meta name=\"robots\" content=\"index, follow, max-snippet:-1, max-image-preview:large, max-video-preview:-1\" \/>\n<link rel=\"canonical\" href=\"https:\/\/www.indus-mobile.fr\/index.php\/donnees-personnelles\/\" \/>\n<meta property=\"og:locale\" content=\"fr_FR\" \/>\n<meta property=\"og:type\" content=\"article\" \/>\n<meta property=\"og:title\" content=\"Donn\u00e9es Personnelles - Indus Mobile\" \/>\n<meta property=\"og:description\" content=\"Donn\u00e9es personnelles Le P\u00f4le Formation UIMM Limousin &#8211; CFAI Limousin s\u2019engage \u00e0 ce que les traitements de donn\u00e9es personnelles effectu\u00e9s sur www.indus-mobile.fr soient conformes au R\u00e8glement G\u00e9n\u00e9ral sur la Protection des Donn\u00e9es (RGPD) et \u00e0 la loi Informatique et Libert\u00e9s.Responsable du traitement : Le P\u00f4le Formation UIMM Limousin &#8211; CFAI Limousin, dont les coordonn\u00e9es figurent [&hellip;]\" \/>\n<meta property=\"og:url\" content=\"https:\/\/www.indus-mobile.fr\/index.php\/donnees-personnelles\/\" \/>\n<meta property=\"og:site_name\" content=\"Indus Mobile\" \/>\n<meta property=\"article:modified_time\" content=\"2026-02-26T14:05:36+00:00\" \/>\n<meta name=\"twitter:card\" content=\"summary_large_image\" \/>\n<meta name=\"twitter:label1\" content=\"Dur\u00e9e de lecture estim\u00e9e\" \/>\n\t<meta name=\"twitter:data1\" content=\"3 minutes\" \/>\n<script type=\"application\/ld+json\" class=\"yoast-schema-graph\">{\"@context\":\"https:\\\/\\\/schema.org\",\"@graph\":[{\"@type\":\"WebPage\",\"@id\":\"https:\\\/\\\/www.indus-mobile.fr\\\/index.php\\\/donnees-personnelles\\\/\",\"url\":\"https:\\\/\\\/www.indus-mobile.fr\\\/index.php\\\/donnees-personnelles\\\/\",\"name\":\"Donn\u00e9es Personnelles - Indus Mobile\",\"isPartOf\":{\"@id\":\"https:\\\/\\\/www.indus-mobile.fr\\\/#website\"},\"datePublished\":\"2026-02-09T14:37:20+00:00\",\"dateModified\":\"2026-02-26T14:05:36+00:00\",\"breadcrumb\":{\"@id\":\"https:\\\/\\\/www.indus-mobile.fr\\\/index.php\\\/donnees-personnelles\\\/#breadcrumb\"},\"inLanguage\":\"fr-FR\",\"potentialAction\":[{\"@type\":\"ReadAction\",\"target\":[\"https:\\\/\\\/www.indus-mobile.fr\\\/index.php\\\/donnees-personnelles\\\/\"]}]},{\"@type\":\"BreadcrumbList\",\"@id\":\"https:\\\/\\\/www.indus-mobile.fr\\\/index.php\\\/donnees-personnelles\\\/#breadcrumb\",\"itemListElement\":[{\"@type\":\"ListItem\",\"position\":1,\"name\":\"Accueil\",\"item\":\"https:\\\/\\\/www.indus-mobile.fr\\\/\"},{\"@type\":\"ListItem\",\"position\":2,\"name\":\"Donn\u00e9es Personnelles\"}]},{\"@type\":\"WebSite\",\"@id\":\"https:\\\/\\\/www.indus-mobile.fr\\\/#website\",\"url\":\"https:\\\/\\\/www.indus-mobile.fr\\\/\",\"name\":\"Indus Mobile\",\"description\":\"L&#039;usine itin\u00e9rante du Limousin\",\"publisher\":{\"@id\":\"https:\\\/\\\/www.indus-mobile.fr\\\/#organization\"},\"potentialAction\":[{\"@type\":\"SearchAction\",\"target\":{\"@type\":\"EntryPoint\",\"urlTemplate\":\"https:\\\/\\\/www.indus-mobile.fr\\\/?s={search_term_string}\"},\"query-input\":{\"@type\":\"PropertyValueSpecification\",\"valueRequired\":true,\"valueName\":\"search_term_string\"}}],\"inLanguage\":\"fr-FR\"},{\"@type\":\"Organization\",\"@id\":\"https:\\\/\\\/www.indus-mobile.fr\\\/#organization\",\"name\":\"Indus Mobile\",\"url\":\"https:\\\/\\\/www.indus-mobile.fr\\\/\",\"logo\":{\"@type\":\"ImageObject\",\"inLanguage\":\"fr-FR\",\"@id\":\"https:\\\/\\\/www.indus-mobile.fr\\\/#\\\/schema\\\/logo\\\/image\\\/\",\"url\":\"https:\\\/\\\/www.indus-mobile.fr\\\/wp-content\\\/uploads\\\/2026\\\/01\\\/Logo.png\",\"contentUrl\":\"https:\\\/\\\/www.indus-mobile.fr\\\/wp-content\\\/uploads\\\/2026\\\/01\\\/Logo.png\",\"width\":364,\"height\":192,\"caption\":\"Indus Mobile\"},\"image\":{\"@id\":\"https:\\\/\\\/www.indus-mobile.fr\\\/#\\\/schema\\\/logo\\\/image\\\/\"}}]}<\/script>\n<!-- \/ Yoast SEO plugin. -->","yoast_head_json":{"title":"Donn\u00e9es Personnelles - Indus Mobile","robots":{"index":"index","follow":"follow","max-snippet":"max-snippet:-1","max-image-preview":"max-image-preview:large","max-video-preview":"max-video-preview:-1"},"canonical":"https:\/\/www.indus-mobile.fr\/index.php\/donnees-personnelles\/","og_locale":"fr_FR","og_type":"article","og_title":"Donn\u00e9es Personnelles - Indus Mobile","og_description":"Donn\u00e9es personnelles Le P\u00f4le Formation UIMM Limousin &#8211; CFAI Limousin s\u2019engage \u00e0 ce que les traitements de donn\u00e9es personnelles effectu\u00e9s sur www.indus-mobile.fr soient conformes au R\u00e8glement G\u00e9n\u00e9ral sur la Protection des Donn\u00e9es (RGPD) et \u00e0 la loi Informatique et Libert\u00e9s.Responsable du traitement : Le P\u00f4le Formation UIMM Limousin &#8211; CFAI Limousin, dont les coordonn\u00e9es figurent [&hellip;]","og_url":"https:\/\/www.indus-mobile.fr\/index.php\/donnees-personnelles\/","og_site_name":"Indus Mobile","article_modified_time":"2026-02-26T14:05:36+00:00","twitter_card":"summary_large_image","twitter_misc":{"Dur\u00e9e de lecture estim\u00e9e":"3 minutes"},"schema":{"@context":"https:\/\/schema.org","@graph":[{"@type":"WebPage","@id":"https:\/\/www.indus-mobile.fr\/index.php\/donnees-personnelles\/","url":"https:\/\/www.indus-mobile.fr\/index.php\/donnees-personnelles\/","name":"Donn\u00e9es Personnelles - Indus Mobile","isPartOf":{"@id":"https:\/\/www.indus-mobile.fr\/#website"},"datePublished":"2026-02-09T14:37:20+00:00","dateModified":"2026-02-26T14:05:36+00:00","breadcrumb":{"@id":"https:\/\/www.indus-mobile.fr\/index.php\/donnees-personnelles\/#breadcrumb"},"inLanguage":"fr-FR","potentialAction":[{"@type":"ReadAction","target":["https:\/\/www.indus-mobile.fr\/index.php\/donnees-personnelles\/"]}]},{"@type":"BreadcrumbList","@id":"https:\/\/www.indus-mobile.fr\/index.php\/donnees-personnelles\/#breadcrumb","itemListElement":[{"@type":"ListItem","position":1,"name":"Accueil","item":"https:\/\/www.indus-mobile.fr\/"},{"@type":"ListItem","position":2,"name":"Donn\u00e9es Personnelles"}]},{"@type":"WebSite","@id":"https:\/\/www.indus-mobile.fr\/#website","url":"https:\/\/www.indus-mobile.fr\/","name":"Indus Mobile","description":"L&#039;usine itin\u00e9rante du Limousin","publisher":{"@id":"https:\/\/www.indus-mobile.fr\/#organization"},"potentialAction":[{"@type":"SearchAction","target":{"@type":"EntryPoint","urlTemplate":"https:\/\/www.indus-mobile.fr\/?s={search_term_string}"},"query-input":{"@type":"PropertyValueSpecification","valueRequired":true,"valueName":"search_term_string"}}],"inLanguage":"fr-FR"},{"@type":"Organization","@id":"https:\/\/www.indus-mobile.fr\/#organization","name":"Indus Mobile","url":"https:\/\/www.indus-mobile.fr\/","logo":{"@type":"ImageObject","inLanguage":"fr-FR","@id":"https:\/\/www.indus-mobile.fr\/#\/schema\/logo\/image\/","url":"https:\/\/www.indus-mobile.fr\/wp-content\/uploads\/2026\/01\/Logo.png","contentUrl":"https:\/\/www.indus-mobile.fr\/wp-content\/uploads\/2026\/01\/Logo.png","width":364,"height":192,"caption":"Indus Mobile"},"image":{"@id":"https:\/\/www.indus-mobile.fr\/#\/schema\/logo\/image\/"}}]}},"_links":{"self":[{"href":"https:\/\/www.indus-mobile.fr\/index.php\/wp-json\/wp\/v2\/pages\/1649","targetHints":{"allow":["GET"]}}],"collection":[{"href":"https:\/\/www.indus-mobile.fr\/index.php\/wp-json\/wp\/v2\/pages"}],"about":[{"href":"https:\/\/www.indus-mobile.fr\/index.php\/wp-json\/wp\/v2\/types\/page"}],"author":[{"embeddable":true,"href":"https:\/\/www.indus-mobile.fr\/index.php\/wp-json\/wp\/v2\/users\/1"}],"replies":[{"embeddable":true,"href":"https:\/\/www.indus-mobile.fr\/index.php\/wp-json\/wp\/v2\/comments?post=1649"}],"version-history":[{"count":12,"href":"https:\/\/www.indus-mobile.fr\/index.php\/wp-json\/wp\/v2\/pages\/1649\/revisions"}],"predecessor-version":[{"id":2310,"href":"https:\/\/www.indus-mobile.fr\/index.php\/wp-json\/wp\/v2\/pages\/1649\/revisions\/2310"}],"wp:attachment":[{"href":"https:\/\/www.indus-mobile.fr\/index.php\/wp-json\/wp\/v2\/media?parent=1649"}],"curies":[{"name":"wp","href":"https:\/\/api.w.org\/{rel}","templated":true}]}}