{"id":1657,"date":"2026-02-09T14:55:28","date_gmt":"2026-02-09T14:55:28","guid":{"rendered":"https:\/\/www.indus-mobile.fr\/?page_id=1657"},"modified":"2026-02-26T14:15:25","modified_gmt":"2026-02-26T14:15:25","slug":"cookies","status":"publish","type":"page","link":"https:\/\/www.indus-mobile.fr\/index.php\/cookies\/","title":{"rendered":"Cookies"},"content":{"rendered":"\t\t<div data-elementor-type=\"wp-page\" data-elementor-id=\"1657\" class=\"elementor elementor-1657\" data-elementor-post-type=\"page\">\n\t\t\t\t<div class=\"elementor-element elementor-element-bc8bb5e e-flex e-con-boxed e-con e-parent\" data-id=\"bc8bb5e\" data-element_type=\"container\" data-e-type=\"container\" data-settings=\"{&quot;background_background&quot;:&quot;classic&quot;,&quot;background_motion_fx_motion_fx_scrolling&quot;:&quot;yes&quot;,&quot;background_motion_fx_devices&quot;:[&quot;widescreen&quot;,&quot;desktop&quot;,&quot;laptop&quot;,&quot;tablet&quot;,&quot;mobile&quot;]}\">\n\t\t\t\t\t<div class=\"e-con-inner\">\n\t\t\t\t<div class=\"elementor-element elementor-element-3d88917 elementor-widget elementor-widget-heading\" data-id=\"3d88917\" data-element_type=\"widget\" data-e-type=\"widget\" data-widget_type=\"heading.default\">\n\t\t\t\t\t<h2 class=\"elementor-heading-title elementor-size-default\">Politique de gestion des cookies<\/h2>\t\t\t\t<\/div>\n\t\t\t\t\t<\/div>\n\t\t\t\t<\/div>\n\t\t<div class=\"elementor-element elementor-element-d8a8eaf e-flex e-con-boxed e-con e-parent\" data-id=\"d8a8eaf\" data-element_type=\"container\" data-e-type=\"container\" data-settings=\"{&quot;background_background&quot;:&quot;classic&quot;,&quot;background_motion_fx_motion_fx_scrolling&quot;:&quot;yes&quot;,&quot;background_motion_fx_devices&quot;:[&quot;widescreen&quot;,&quot;desktop&quot;,&quot;laptop&quot;,&quot;tablet&quot;,&quot;mobile&quot;]}\">\n\t\t\t\t\t<div class=\"e-con-inner\">\n\t\t\t\t<div class=\"elementor-element elementor-element-100743b elementor-widget elementor-widget-heading\" data-id=\"100743b\" data-element_type=\"widget\" data-e-type=\"widget\" data-widget_type=\"heading.default\">\n\t\t\t\t\t<h2 class=\"elementor-heading-title elementor-size-default\">1. Pr\u00e9sentation<\/h2>\t\t\t\t<\/div>\n\t\t\t\t<div class=\"elementor-element elementor-element-f326f12 elementor-widget elementor-widget-text-editor\" data-id=\"f326f12\" data-element_type=\"widget\" data-e-type=\"widget\" data-widget_type=\"text-editor.default\">\n\t\t\t\t\t\t\t\t\t<p>Le site www.indus-mobile.fr, \u00e9dit\u00e9 par Le P\u00f4le Formation UIMM Limousin \u2013 CFAI Limousin, utilise des cookies afin d\u2019assurer son bon fonctionnement et, avec votre consentement, de mesurer son audience.<\/p><p>Un cookie est un petit fichier texte enregistr\u00e9 sur votre terminal (ordinateur, tablette, smartphone) lors de la consultation d\u2019un site internet.<br \/>Il permet notamment de reconna\u00eetre votre appareil pendant une dur\u00e9e d\u00e9termin\u00e9e et de conserver certaines informations relatives \u00e0 votre navigation.<\/p>\t\t\t\t\t\t\t\t<\/div>\n\t\t\t\t<div class=\"elementor-element elementor-element-7de0a7d elementor-widget elementor-widget-heading\" data-id=\"7de0a7d\" data-element_type=\"widget\" data-e-type=\"widget\" data-widget_type=\"heading.default\">\n\t\t\t\t\t<h2 class=\"elementor-heading-title elementor-size-default\">2. Cookies strictement n\u00e9cessaires<\/h2>\t\t\t\t<\/div>\n\t\t\t\t<div class=\"elementor-element elementor-element-23c1965 elementor-widget elementor-widget-text-editor\" data-id=\"23c1965\" data-element_type=\"widget\" data-e-type=\"widget\" data-widget_type=\"text-editor.default\">\n\t\t\t\t\t\t\t\t\t<p>Ces cookies sont indispensables au fonctionnement du site et ne n\u00e9cessitent pas votre consentement conform\u00e9ment \u00e0 la r\u00e9glementation en vigueur.<\/p><p>Ils permettent notamment :<br \/>La gestion technique de la session<br \/>L\u2019enregistrement de vos pr\u00e9f\u00e9rences de consentement<\/p><p>Liste des cookies utilis\u00e9s :<\/p><table><tbody><tr><td><strong>Nom<\/strong><\/td><td><strong>Dur\u00e9e<\/strong><\/td><td><strong>\u00c9metteur<\/strong><\/td><td><strong>Objectif<\/strong><\/td><\/tr><tr><td>PHPSESSID<\/td><td>Le temps de la session<\/td><td>indus-mobile.fr<\/td><td>Gestion de la session<\/td><\/tr><tr><td>moove_gdpr_popupe<\/td><td>12 mois<\/td><td>indus-mobile.fr<\/td><td>Sauvegarde vos choix en mati\u00e8re de consentement des cookies<\/td><\/tr><\/tbody><\/table>\t\t\t\t\t\t\t\t<\/div>\n\t\t\t\t<div class=\"elementor-element elementor-element-b7c7300 elementor-widget elementor-widget-heading\" data-id=\"b7c7300\" data-element_type=\"widget\" data-e-type=\"widget\" data-widget_type=\"heading.default\">\n\t\t\t\t\t<h2 class=\"elementor-heading-title elementor-size-default\">3. Cookies de mesure d\u2019audience (Statistiques)<\/h2>\t\t\t\t<\/div>\n\t\t\t\t<div class=\"elementor-element elementor-element-e7721ae elementor-widget elementor-widget-text-editor\" data-id=\"e7721ae\" data-element_type=\"widget\" data-e-type=\"widget\" data-widget_type=\"text-editor.default\">\n\t\t\t\t\t\t\t\t\t<p>Sous r\u00e9serve de votre consentement, nous utilisons Google Analytics (GA4) afin de mesurer la fr\u00e9quentation et l\u2019utilisation du site.<\/p><p>Ces donn\u00e9es nous permettent :<br \/>&#8211; D\u2019analyser le nombre de visiteurs<br \/>&#8211; D\u2019identifier les pages les plus consult\u00e9es<br \/>&#8211; D\u2019am\u00e9liorer le contenu et les performances du site<\/p><p>Les informations collect\u00e9es sont anonymis\u00e9es dans la mesure du possible et utilis\u00e9es uniquement \u00e0 des fins statistiques.<br \/>Le service Google Analytics est fourni par Google Ireland Limited.<\/p><p>\u00a0<\/p><p>Liste des cookies utilis\u00e9s :<\/p><div class=\"tableContainer\"><br \/><table style=\"height: 124px;\" width=\"208\"><tbody><tr><td><strong>Nom<\/strong><\/td><td><strong>Dur\u00e9e<\/strong><\/td><\/tr><tr><td>_ga<\/td><td>13 mois<\/td><\/tr><tr><td>_ga_XXXXXXXX<\/td><td>13 mois<\/td><\/tr><\/tbody><\/table><p>Ces cookies sont d\u00e9pos\u00e9s uniquement apr\u00e8s obtention de votre consentement explicite via le bandeau de gestion des cookies.<br \/>Aucune donn\u00e9e statistique n\u2019est collect\u00e9e avant votre choix.<\/p><\/div>\t\t\t\t\t\t\t\t<\/div>\n\t\t\t\t<div class=\"elementor-element elementor-element-f86e675 elementor-widget elementor-widget-heading\" data-id=\"f86e675\" data-element_type=\"widget\" data-e-type=\"widget\" data-widget_type=\"heading.default\">\n\t\t\t\t\t<h2 class=\"elementor-heading-title elementor-size-default\">4. Base l\u00e9gale<\/h2>\t\t\t\t<\/div>\n\t\t\t\t<div class=\"elementor-element elementor-element-a14349f elementor-widget elementor-widget-text-editor\" data-id=\"a14349f\" data-element_type=\"widget\" data-e-type=\"widget\" data-widget_type=\"text-editor.default\">\n\t\t\t\t\t\t\t\t\t<p>Les cookies strictement n\u00e9cessaires reposent sur l\u2019int\u00e9r\u00eat l\u00e9gitime de l\u2019\u00e9diteur du site.<br \/>Les cookies de mesure d\u2019audience sont d\u00e9pos\u00e9s sur la base de votre consentement (article 6.1.a du RGPD).<\/p>\t\t\t\t\t\t\t\t<\/div>\n\t\t\t\t<div class=\"elementor-element elementor-element-a81d727 elementor-widget elementor-widget-heading\" data-id=\"a81d727\" data-element_type=\"widget\" data-e-type=\"widget\" data-widget_type=\"heading.default\">\n\t\t\t\t\t<h2 class=\"elementor-heading-title elementor-size-default\">5. Dur\u00e9e de conservation<\/h2>\t\t\t\t<\/div>\n\t\t\t\t<div class=\"elementor-element elementor-element-b4821de elementor-widget elementor-widget-text-editor\" data-id=\"b4821de\" data-element_type=\"widget\" data-e-type=\"widget\" data-widget_type=\"text-editor.default\">\n\t\t\t\t\t\t\t\t\t<p>Les cookies sont conserv\u00e9s pour une dur\u00e9e maximale de 13 mois \u00e0 compter de leur d\u00e9p\u00f4t sur votre terminal.<br \/>Les donn\u00e9es statistiques associ\u00e9es sont conserv\u00e9es pour une dur\u00e9e n\u2019exc\u00e9dant pas 25 mois conform\u00e9ment aux param\u00e8tres de conservation configur\u00e9s dans l\u2019outil.<\/p>\t\t\t\t\t\t\t\t<\/div>\n\t\t\t\t<div class=\"elementor-element elementor-element-117adbf elementor-widget elementor-widget-heading\" data-id=\"117adbf\" data-element_type=\"widget\" data-e-type=\"widget\" data-widget_type=\"heading.default\">\n\t\t\t\t\t<h2 class=\"elementor-heading-title elementor-size-default\">6. Retrait ou modification du consentement<\/h2>\t\t\t\t<\/div>\n\t\t\t\t<div class=\"elementor-element elementor-element-224bc37 elementor-widget elementor-widget-text-editor\" data-id=\"224bc37\" data-element_type=\"widget\" data-e-type=\"widget\" data-widget_type=\"text-editor.default\">\n\t\t\t\t\t\t\t\t\t<p>Vous pouvez \u00e0 tout moment modifier ou retirer votre consentement :<br \/>&#8211; En cliquant sur le lien \u00ab R\u00e9glages des cookies \u00bb pr\u00e9sent en bas de page<br \/>&#8211; En configurant votre navigateur pour bloquer tout ou partie des cookies.<\/p>\t\t\t\t\t\t\t\t<\/div>\n\t\t\t\t<div class=\"elementor-element elementor-element-5cc6b2a elementor-widget elementor-widget-heading\" data-id=\"5cc6b2a\" data-element_type=\"widget\" data-e-type=\"widget\" data-widget_type=\"heading.default\">\n\t\t\t\t\t<h2 class=\"elementor-heading-title elementor-size-default\">7. Param\u00e9trage via votre navigateur<\/h2>\t\t\t\t<\/div>\n\t\t\t\t<div class=\"elementor-element elementor-element-12db683 elementor-widget elementor-widget-text-editor\" data-id=\"12db683\" data-element_type=\"widget\" data-e-type=\"widget\" data-widget_type=\"text-editor.default\">\n\t\t\t\t\t\t\t\t\t<p>Vous pouvez configurer votre navigateur pour refuser tout ou partie des cookies :<br \/>&#8211; Chrome\u2122 : https:\/\/support.google.com\/chrome\/answer\/95647?hl=fr<br \/>&#8211; Firefox\u2122 : https:\/\/support.mozilla.org\/fr\/kb\/activer-desactiver-cookies<br \/>&#8211; Safari\u2122 : https:\/\/support.apple.com\/fr-fr\/guide\/safari\/sfri11471\/mac<br \/>&#8211; Edge\u2122 : https:\/\/support.microsoft.com\/fr-fr\/help\/4027947<\/p>\t\t\t\t\t\t\t\t<\/div>\n\t\t\t\t\t<\/div>\n\t\t\t\t<\/div>\n\t\t\t\t<\/div>\n\t\t","protected":false},"excerpt":{"rendered":"<p>Politique de gestion des cookies 1. Pr\u00e9sentation Le site www.indus-mobile.fr, \u00e9dit\u00e9 par Le P\u00f4le Formation UIMM Limousin \u2013 CFAI Limousin, utilise des cookies afin d\u2019assurer son bon fonctionnement et, avec votre consentement, de mesurer son audience. Un cookie est un petit fichier texte enregistr\u00e9 sur votre terminal (ordinateur, tablette, smartphone) lors de la consultation d\u2019un [&hellip;]<\/p>\n","protected":false},"author":1,"featured_media":0,"parent":0,"menu_order":0,"comment_status":"closed","ping_status":"closed","template":"elementor_header_footer","meta":{"footnotes":""},"class_list":["post-1657","page","type-page","status-publish","hentry"],"yoast_head":"<!-- This site is optimized with the Yoast SEO plugin v27.3 - https:\/\/yoast.com\/product\/yoast-seo-wordpress\/ -->\n<title>Cookies - Indus Mobile<\/title>\n<meta name=\"robots\" content=\"index, follow, max-snippet:-1, max-image-preview:large, max-video-preview:-1\" \/>\n<link rel=\"canonical\" href=\"https:\/\/www.indus-mobile.fr\/index.php\/cookies\/\" \/>\n<meta property=\"og:locale\" content=\"fr_FR\" \/>\n<meta property=\"og:type\" content=\"article\" \/>\n<meta property=\"og:title\" content=\"Cookies - Indus Mobile\" \/>\n<meta property=\"og:description\" content=\"Politique de gestion des cookies 1. Pr\u00e9sentation Le site www.indus-mobile.fr, \u00e9dit\u00e9 par Le P\u00f4le Formation UIMM Limousin \u2013 CFAI Limousin, utilise des cookies afin d\u2019assurer son bon fonctionnement et, avec votre consentement, de mesurer son audience. Un cookie est un petit fichier texte enregistr\u00e9 sur votre terminal (ordinateur, tablette, smartphone) lors de la consultation d\u2019un [&hellip;]\" \/>\n<meta property=\"og:url\" content=\"https:\/\/www.indus-mobile.fr\/index.php\/cookies\/\" \/>\n<meta property=\"og:site_name\" content=\"Indus Mobile\" \/>\n<meta property=\"article:modified_time\" content=\"2026-02-26T14:15:25+00:00\" \/>\n<meta name=\"twitter:card\" content=\"summary_large_image\" \/>\n<meta name=\"twitter:label1\" content=\"Dur\u00e9e de lecture estim\u00e9e\" \/>\n\t<meta name=\"twitter:data1\" content=\"3 minutes\" \/>\n<script type=\"application\/ld+json\" class=\"yoast-schema-graph\">{\"@context\":\"https:\\\/\\\/schema.org\",\"@graph\":[{\"@type\":\"WebPage\",\"@id\":\"https:\\\/\\\/www.indus-mobile.fr\\\/index.php\\\/cookies\\\/\",\"url\":\"https:\\\/\\\/www.indus-mobile.fr\\\/index.php\\\/cookies\\\/\",\"name\":\"Cookies - Indus Mobile\",\"isPartOf\":{\"@id\":\"https:\\\/\\\/www.indus-mobile.fr\\\/#website\"},\"datePublished\":\"2026-02-09T14:55:28+00:00\",\"dateModified\":\"2026-02-26T14:15:25+00:00\",\"breadcrumb\":{\"@id\":\"https:\\\/\\\/www.indus-mobile.fr\\\/index.php\\\/cookies\\\/#breadcrumb\"},\"inLanguage\":\"fr-FR\",\"potentialAction\":[{\"@type\":\"ReadAction\",\"target\":[\"https:\\\/\\\/www.indus-mobile.fr\\\/index.php\\\/cookies\\\/\"]}]},{\"@type\":\"BreadcrumbList\",\"@id\":\"https:\\\/\\\/www.indus-mobile.fr\\\/index.php\\\/cookies\\\/#breadcrumb\",\"itemListElement\":[{\"@type\":\"ListItem\",\"position\":1,\"name\":\"Accueil\",\"item\":\"https:\\\/\\\/www.indus-mobile.fr\\\/\"},{\"@type\":\"ListItem\",\"position\":2,\"name\":\"Cookies\"}]},{\"@type\":\"WebSite\",\"@id\":\"https:\\\/\\\/www.indus-mobile.fr\\\/#website\",\"url\":\"https:\\\/\\\/www.indus-mobile.fr\\\/\",\"name\":\"Indus Mobile\",\"description\":\"L&#039;usine itin\u00e9rante du Limousin\",\"publisher\":{\"@id\":\"https:\\\/\\\/www.indus-mobile.fr\\\/#organization\"},\"potentialAction\":[{\"@type\":\"SearchAction\",\"target\":{\"@type\":\"EntryPoint\",\"urlTemplate\":\"https:\\\/\\\/www.indus-mobile.fr\\\/?s={search_term_string}\"},\"query-input\":{\"@type\":\"PropertyValueSpecification\",\"valueRequired\":true,\"valueName\":\"search_term_string\"}}],\"inLanguage\":\"fr-FR\"},{\"@type\":\"Organization\",\"@id\":\"https:\\\/\\\/www.indus-mobile.fr\\\/#organization\",\"name\":\"Indus Mobile\",\"url\":\"https:\\\/\\\/www.indus-mobile.fr\\\/\",\"logo\":{\"@type\":\"ImageObject\",\"inLanguage\":\"fr-FR\",\"@id\":\"https:\\\/\\\/www.indus-mobile.fr\\\/#\\\/schema\\\/logo\\\/image\\\/\",\"url\":\"https:\\\/\\\/www.indus-mobile.fr\\\/wp-content\\\/uploads\\\/2026\\\/01\\\/Logo.png\",\"contentUrl\":\"https:\\\/\\\/www.indus-mobile.fr\\\/wp-content\\\/uploads\\\/2026\\\/01\\\/Logo.png\",\"width\":364,\"height\":192,\"caption\":\"Indus Mobile\"},\"image\":{\"@id\":\"https:\\\/\\\/www.indus-mobile.fr\\\/#\\\/schema\\\/logo\\\/image\\\/\"}}]}<\/script>\n<!-- \/ Yoast SEO plugin. -->","yoast_head_json":{"title":"Cookies - Indus Mobile","robots":{"index":"index","follow":"follow","max-snippet":"max-snippet:-1","max-image-preview":"max-image-preview:large","max-video-preview":"max-video-preview:-1"},"canonical":"https:\/\/www.indus-mobile.fr\/index.php\/cookies\/","og_locale":"fr_FR","og_type":"article","og_title":"Cookies - Indus Mobile","og_description":"Politique de gestion des cookies 1. Pr\u00e9sentation Le site www.indus-mobile.fr, \u00e9dit\u00e9 par Le P\u00f4le Formation UIMM Limousin \u2013 CFAI Limousin, utilise des cookies afin d\u2019assurer son bon fonctionnement et, avec votre consentement, de mesurer son audience. Un cookie est un petit fichier texte enregistr\u00e9 sur votre terminal (ordinateur, tablette, smartphone) lors de la consultation d\u2019un [&hellip;]","og_url":"https:\/\/www.indus-mobile.fr\/index.php\/cookies\/","og_site_name":"Indus Mobile","article_modified_time":"2026-02-26T14:15:25+00:00","twitter_card":"summary_large_image","twitter_misc":{"Dur\u00e9e de lecture estim\u00e9e":"3 minutes"},"schema":{"@context":"https:\/\/schema.org","@graph":[{"@type":"WebPage","@id":"https:\/\/www.indus-mobile.fr\/index.php\/cookies\/","url":"https:\/\/www.indus-mobile.fr\/index.php\/cookies\/","name":"Cookies - Indus Mobile","isPartOf":{"@id":"https:\/\/www.indus-mobile.fr\/#website"},"datePublished":"2026-02-09T14:55:28+00:00","dateModified":"2026-02-26T14:15:25+00:00","breadcrumb":{"@id":"https:\/\/www.indus-mobile.fr\/index.php\/cookies\/#breadcrumb"},"inLanguage":"fr-FR","potentialAction":[{"@type":"ReadAction","target":["https:\/\/www.indus-mobile.fr\/index.php\/cookies\/"]}]},{"@type":"BreadcrumbList","@id":"https:\/\/www.indus-mobile.fr\/index.php\/cookies\/#breadcrumb","itemListElement":[{"@type":"ListItem","position":1,"name":"Accueil","item":"https:\/\/www.indus-mobile.fr\/"},{"@type":"ListItem","position":2,"name":"Cookies"}]},{"@type":"WebSite","@id":"https:\/\/www.indus-mobile.fr\/#website","url":"https:\/\/www.indus-mobile.fr\/","name":"Indus Mobile","description":"L&#039;usine itin\u00e9rante du Limousin","publisher":{"@id":"https:\/\/www.indus-mobile.fr\/#organization"},"potentialAction":[{"@type":"SearchAction","target":{"@type":"EntryPoint","urlTemplate":"https:\/\/www.indus-mobile.fr\/?s={search_term_string}"},"query-input":{"@type":"PropertyValueSpecification","valueRequired":true,"valueName":"search_term_string"}}],"inLanguage":"fr-FR"},{"@type":"Organization","@id":"https:\/\/www.indus-mobile.fr\/#organization","name":"Indus Mobile","url":"https:\/\/www.indus-mobile.fr\/","logo":{"@type":"ImageObject","inLanguage":"fr-FR","@id":"https:\/\/www.indus-mobile.fr\/#\/schema\/logo\/image\/","url":"https:\/\/www.indus-mobile.fr\/wp-content\/uploads\/2026\/01\/Logo.png","contentUrl":"https:\/\/www.indus-mobile.fr\/wp-content\/uploads\/2026\/01\/Logo.png","width":364,"height":192,"caption":"Indus Mobile"},"image":{"@id":"https:\/\/www.indus-mobile.fr\/#\/schema\/logo\/image\/"}}]}},"_links":{"self":[{"href":"https:\/\/www.indus-mobile.fr\/index.php\/wp-json\/wp\/v2\/pages\/1657","targetHints":{"allow":["GET"]}}],"collection":[{"href":"https:\/\/www.indus-mobile.fr\/index.php\/wp-json\/wp\/v2\/pages"}],"about":[{"href":"https:\/\/www.indus-mobile.fr\/index.php\/wp-json\/wp\/v2\/types\/page"}],"author":[{"embeddable":true,"href":"https:\/\/www.indus-mobile.fr\/index.php\/wp-json\/wp\/v2\/users\/1"}],"replies":[{"embeddable":true,"href":"https:\/\/www.indus-mobile.fr\/index.php\/wp-json\/wp\/v2\/comments?post=1657"}],"version-history":[{"count":13,"href":"https:\/\/www.indus-mobile.fr\/index.php\/wp-json\/wp\/v2\/pages\/1657\/revisions"}],"predecessor-version":[{"id":2314,"href":"https:\/\/www.indus-mobile.fr\/index.php\/wp-json\/wp\/v2\/pages\/1657\/revisions\/2314"}],"wp:attachment":[{"href":"https:\/\/www.indus-mobile.fr\/index.php\/wp-json\/wp\/v2\/media?parent=1657"}],"curies":[{"name":"wp","href":"https:\/\/api.w.org\/{rel}","templated":true}]}}